{"id":329,"date":"2024-03-11T01:53:44","date_gmt":"2024-03-11T01:53:44","guid":{"rendered":"https:\/\/wpasstage.wpenginepowered.com\/lisapension\/pagina-de-inicio\/"},"modified":"2026-01-26T19:03:41","modified_gmt":"2026-01-26T19:03:41","slug":"pagina-de-inicio","status":"publish","type":"page","link":"https:\/\/www.lisapension.com\/es\/","title":{"rendered":"P\u00e1gina de inicio"},"content":{"rendered":"\n<div class=\"wp-block-genesis-blocks-gb-columns gb-slate-section-hero-title gpb-slate-section-hero-title gb-layout-columns-1 one-column gb-has-background-dim gb-has-background-dim-10 gb-background-cover gb-background-no-repeat gb-has-custom-background-color gb-has-custom-text-color gb-columns-center alignfull\" style=\"padding-top:5em;padding-right:1em;padding-bottom:5em;padding-left:1em;background-color:#1c64a7;color:#f5f5f5;background-image:url(https:\/\/demo.studiopress.com\/page-builder\/slate\/gb_slate_hero_background.jpg);background-position:100% 17%\"><div class=\"gb-layout-column-wrap gb-block-layout-column-gap-1 gb-is-responsive-column\" style=\"max-width:1200px\">\n<div class=\"wp-block-genesis-blocks-gb-column gb-block-layout-column\"><div class=\"gb-block-layout-column-inner\">\n<div class=\"wp-block-genesis-blocks-gb-columns gb-layout-columns-2 gb-2-col-wideleft gb-columns-center alignfull\"><div class=\"gb-layout-column-wrap gb-block-layout-column-gap-8 gb-is-responsive-column\" style=\"max-width:1200px\">\n<div class=\"wp-block-genesis-blocks-gb-column gb-block-layout-column gb-is-vertically-aligned-top\"><div class=\"gb-block-layout-column-inner\">\n<h1 class=\"wp-block-heading has-text-color\" style=\"color:#f5f5f5\"><strong>Fondo de acumulaci\u00f3n para la seguridad de ingresos de por vida<\/strong><\/h1>\n\n\n\n<p class=\"has-text-align-left has-text-color\" style=\"color:#f5f5f5\">Este sitio web proporciona informaci\u00f3n \u00fatil sobre el Fondo de Acumulaci\u00f3n para la Seguridad de Ingresos de por Vida, un plan de beneficios definidos.<\/p>\n\n\n\n<p>Tanto si es un participante activo, jubilado, empleador o representante comercial, este sitio web le permite consultar las normas del plan, descargar documentos y formularios, obtener noticias e informaci\u00f3n, ponerse en contacto con la Oficina de Administraci\u00f3n de Pensiones y mucho m\u00e1s.<\/p>\n\n\n\n<p class=\"has-text-align-left has-text-color\" style=\"color:#f5f5f5\">\u00a1Esperamos que este sitio web le sea \u00fatil!<\/p>\n<\/div><\/div>\n\n\n\n<div class=\"wp-block-genesis-blocks-gb-column gb-block-layout-column gb-is-vertically-aligned-center\"><div class=\"gb-block-layout-column-inner\">\n<p><\/p>\n<\/div><\/div>\n<\/div><\/div>\n<\/div><\/div>\n<\/div><\/div>\n\n\n\n<hr class=\"wp-block-separator alignwide has-alpha-channel-opacity is-style-wide\">\n\n\n\n<div class=\"wp-block-genesis-blocks-gb-columns gb-layout-columns-2 gb-2-col-wideleft gb-columns-center alignfull\" style=\"padding-left:3em\"><div class=\"gb-layout-column-wrap gb-block-layout-column-gap-0 gb-is-responsive-column\" style=\"max-width:1750px\">\n<div class=\"wp-block-genesis-blocks-gb-column .gb-is-vertically-aligned-top gb-block-layout-column\"><div class=\"gb-block-layout-column-inner\" style=\"text-align:left\">\n<div class=\"wp-block-genesis-blocks-gb-container alignwide gb-block-container\"><div class=\"gb-container-inside\"><div class=\"gb-container-content\">\n<p class=\"has-text-align-center has-text-color has-background has-link-color has-larger-font-size wp-elements-17b44abcffb7009f31a332f627acf196\" style=\"color:#ffffff;background-color:#d1aa6a\"><strong>Anuncios<\/strong><\/p>\n\n\n<section class=\"gb-block-post-grid featuredpost aligncenter\"><div class=\"gb-post-grid-items is-grid columns-1\"><article id=\"post-363\" class=\"gb-post-grid-item post-363 post type-post status-publish format-standard category-avisos entry\"><div class=\"gb-block-post-grid-text\"><header class=\"gb-block-post-grid-header\"><h5 class=\"gb-block-post-grid-title\"><a href=\"https:\/\/www.lisapension.com\/es\/2025\/11\/03\/prestacion-de-jubilacion-que-se-haya-negociado-como-parte-de-tu-convenio-colectivo\/\" rel=\"bookmark\">Anuncio de una nueva prestaci\u00f3n de jubilaci\u00f3n<\/a><\/h5><div class=\"gb-block-post-grid-byline\"><time datetime=\"2025-11-03T15:08:29+00:00\" class=\"gb-block-post-grid-date\" itemprop=\"datePublished\">noviembre 3, 2025<\/time><\/div><\/header><div class=\"gb-block-post-grid-excerpt\"><p>Prestaci\u00f3n de jubilaci\u00f3n que se haya negociado como parte de tu convenio colectivo<\/p>\n<p><a class=\"gb-block-post-grid-more-link gb-text-link\" href=\"https:\/\/www.lisapension.com\/es\/2025\/11\/03\/prestacion-de-jubilacion-que-se-haya-negociado-como-parte-de-tu-convenio-colectivo\/\" rel=\"bookmark\">Continue Reading <span class=\"screen-reader-text\">Anuncio de una nueva prestaci\u00f3n de jubilaci\u00f3n<\/span><\/a><\/p><\/div><\/div><\/article>\n<\/div><\/section><\/div><\/div><\/div>\n<\/div><\/div>\n\n\n\n<div class=\"wp-block-genesis-blocks-gb-column .gb-is-vertically-aligned-top gb-block-layout-column gb-is-vertically-aligned-bottom\"><div class=\"gb-block-layout-column-inner\" style=\"padding-top:30px;text-align:left\">\n<div class=\"wp-block-genesis-blocks-gb-container gb-block-container\"><div class=\"gb-container-inside\"><div class=\"gb-container-content\">\n<h2 class=\"wp-block-heading has-text-align-center\" style=\"font-style:normal;font-weight:700;line-height:0\"><strong>Acceda a su cuenta<\/strong><\/h2>\n\n\n\n<div style=\"padding-bottom:5%;padding-top:5%\" class=\"wp-block-genesis-blocks-gb-container alignfull gb-block-container\"><div class=\"gb-container-inside\"><div class=\"gb-container-content\">\n<div class=\"wp-block-buttons is-content-justification-center is-layout-flex wp-container-core-buttons-is-layout-d9cd0f1e wp-block-buttons-is-layout-flex\" style=\"line-height:1.5\">\n<div class=\"wp-block-button\"><a class=\"wp-block-button__link has-background wp-element-button\" href=\"https:\/\/www.wpas-inc.com\/WPAS2\/unionlogin.php\" style=\"background-color:#d1aa6a;line-height:1.5\" rel=\"https:\/\/www-hprbenefitfunds-com.wpasstage.wpengine.com\/under-cconstruction\/\">Administrador<br>Acceder<\/a><\/div>\n\n\n\n<div class=\"wp-block-button\"><a class=\"wp-block-button__link has-background wp-element-button\" href=\"https:\/\/member.wpas-inc.com\/login\" style=\"background-color:#d1aa6a;line-height:1.5\" rel=\"https:\/\/www-hprbenefitfunds-com.wpasstage.wpengine.com\/under-cconstruction\/\">Miembro<br>Acceder<\/a><\/div>\n<\/div>\n<\/div><\/div><\/div>\n\n\n\n<div style=\"padding-left:15%;padding-right:15%\" class=\"wp-block-genesis-blocks-gb-container aligncenter gb-block-container\"><div class=\"gb-container-inside\"><div class=\"gb-container-content\">\n<p class=\"has-small-font-size\"><\/p>\n<\/div><\/div><\/div>\n<\/div><\/div><\/div>\n<\/div><\/div>\n<\/div><\/div>\n","protected":false},"excerpt":{"rendered":"","protected":false},"author":1,"featured_media":0,"parent":0,"menu_order":0,"comment_status":"closed","ping_status":"closed","template":"","meta":{"om_disable_all_campaigns":false,"_monsterinsights_skip_tracking":false,"_monsterinsights_sitenote_active":false,"_monsterinsights_sitenote_note":"","_monsterinsights_sitenote_category":0,"_uf_show_specific_survey":0,"_uf_disable_surveys":false,"_genesis_hide_title":true,"_genesis_hide_breadcrumbs":true,"_genesis_hide_singular_image":true,"_genesis_hide_footer_widgets":true,"_genesis_custom_body_class":"","_genesis_custom_post_class":"","_genesis_layout":"full-width-content","footnotes":""},"class_list":{"0":"post-329","1":"page","2":"type-page","3":"status-publish","5":"entry"},"aioseo_notices":[],"featured_image_src":null,"featured_image_src_square":null,"_links":{"self":[{"href":"https:\/\/www.lisapension.com\/es\/wp-json\/wp\/v2\/pages\/329","targetHints":{"allow":["GET"]}}],"collection":[{"href":"https:\/\/www.lisapension.com\/es\/wp-json\/wp\/v2\/pages"}],"about":[{"href":"https:\/\/www.lisapension.com\/es\/wp-json\/wp\/v2\/types\/page"}],"author":[{"embeddable":true,"href":"https:\/\/www.lisapension.com\/es\/wp-json\/wp\/v2\/users\/1"}],"replies":[{"embeddable":true,"href":"https:\/\/www.lisapension.com\/es\/wp-json\/wp\/v2\/comments?post=329"}],"version-history":[{"count":0,"href":"https:\/\/www.lisapension.com\/es\/wp-json\/wp\/v2\/pages\/329\/revisions"}],"wp:attachment":[{"href":"https:\/\/www.lisapension.com\/es\/wp-json\/wp\/v2\/media?parent=329"}],"curies":[{"name":"wp","href":"https:\/\/api.w.org\/{rel}","templated":true}]}}