{"id":331,"date":"2024-04-17T19:26:11","date_gmt":"2024-04-17T19:26:11","guid":{"rendered":"https:\/\/wpasstage.wpenginepowered.com\/lisapension\/informacion-de-contacto\/"},"modified":"2025-10-27T19:21:54","modified_gmt":"2025-10-27T19:21:54","slug":"informacion-de-contacto","status":"publish","type":"page","link":"https:\/\/www.lisapension.com\/es\/informacion-de-contacto\/","title":{"rendered":"Informaci\u00f3n de contacto"},"content":{"rendered":"\n<p class=\"has-normal-font-size\" style=\"line-height:0;text-decoration:underline\"><strong>UBICACI\u00d3N DE LA OFICINA<\/strong><\/p>\n\n\n\n<p class=\"has-normal-font-size\">WPAS, Inc.<br>Suite 200<br>7525 SE 24th Street<br>Mercer Island, WA 98040<\/p>\n\n\n\n<p class=\"has-normal-font-size\" style=\"line-height:0;text-decoration:underline\"><strong>N\u00daMEROS DE TEL\u00c9FONO<\/strong><\/p>\n\n\n\n<p style=\"line-height:1.2\">N\u00famero gratuito: 844-933-8756<\/p>\n\n\n\n<p class=\"has-normal-font-size\" style=\"line-height:0;text-decoration:underline\"><strong>DIRECCI\u00d3N POSTAL<\/strong><\/p>\n\n\n\n<p style=\"line-height:1\">WPAS, Inc PO Box 34203 Seattle, WA 98124-1203<\/p>\n\n\n\n<p style=\"line-height:0;text-decoration:underline\"><strong>N\u00daMEROS DE FAX<\/strong><\/p>\n\n\n\n<p class=\"has-normal-font-size\">Fax general: (206) 695-0984<\/p>\n\n\n\n<p><\/p>\n","protected":false},"excerpt":{"rendered":"<p>UBICACI\u00d3N DE LA OFICINA WPAS, Inc.Suite 2007525 SE 24th StreetMercer Island, WA 98040 N\u00daMEROS DE TEL\u00c9FONO N\u00famero gratuito: 844-933-8756 DIRECCI\u00d3N POSTAL WPAS, Inc PO Box 34203 Seattle, WA 98124-1203 N\u00daMEROS DE FAX Fax general: (206) 695-0984<\/p>\n","protected":false},"author":6,"featured_media":0,"parent":0,"menu_order":0,"comment_status":"closed","ping_status":"closed","template":"","meta":{"om_disable_all_campaigns":false,"_monsterinsights_skip_tracking":false,"_monsterinsights_sitenote_active":false,"_monsterinsights_sitenote_note":"","_monsterinsights_sitenote_category":0,"_uf_show_specific_survey":0,"_uf_disable_surveys":false,"_genesis_hide_title":false,"_genesis_hide_breadcrumbs":false,"_genesis_hide_singular_image":false,"_genesis_hide_footer_widgets":false,"_genesis_custom_body_class":"","_genesis_custom_post_class":"","_genesis_layout":"","footnotes":""},"class_list":{"0":"post-331","1":"page","2":"type-page","3":"status-publish","5":"entry"},"aioseo_notices":[],"featured_image_src":null,"featured_image_src_square":null,"_links":{"self":[{"href":"https:\/\/www.lisapension.com\/es\/wp-json\/wp\/v2\/pages\/331","targetHints":{"allow":["GET"]}}],"collection":[{"href":"https:\/\/www.lisapension.com\/es\/wp-json\/wp\/v2\/pages"}],"about":[{"href":"https:\/\/www.lisapension.com\/es\/wp-json\/wp\/v2\/types\/page"}],"author":[{"embeddable":true,"href":"https:\/\/www.lisapension.com\/es\/wp-json\/wp\/v2\/users\/6"}],"replies":[{"embeddable":true,"href":"https:\/\/www.lisapension.com\/es\/wp-json\/wp\/v2\/comments?post=331"}],"version-history":[{"count":0,"href":"https:\/\/www.lisapension.com\/es\/wp-json\/wp\/v2\/pages\/331\/revisions"}],"wp:attachment":[{"href":"https:\/\/www.lisapension.com\/es\/wp-json\/wp\/v2\/media?parent=331"}],"curies":[{"name":"wp","href":"https:\/\/api.w.org\/{rel}","templated":true}]}}