{"id":337,"date":"2024-04-17T19:23:31","date_gmt":"2024-04-17T19:23:31","guid":{"rendered":"https:\/\/wpasstage.wpenginepowered.com\/lisapension\/avisos\/"},"modified":"2025-11-03T20:05:39","modified_gmt":"2025-11-03T20:05:39","slug":"avisos","status":"publish","type":"page","link":"https:\/\/www.lisapension.com\/es\/avisos\/","title":{"rendered":"Avisos"},"content":{"rendered":"\n<div class=\"wp-block-file\"><a id=\"wp-block-file--media-37c68aa1-d1b6-4f20-893d-09a40f74e94c\" href=\"https:\/\/www.lisapension.com\/wp-content\/uploads\/sites\/7\/2025\/10\/F95-04-Mailings-2025-10.20-Trust-Announcement-FAQ-All-Other-Employers.pdf\">Anuncio del Fondo LISA y FAQ<\/a><a href=\"https:\/\/www.lisapension.com\/wp-content\/uploads\/sites\/7\/2025\/10\/F95-04-Mailings-2025-10.20-Trust-Announcement-FAQ-All-Other-Employers.pdf\" class=\"wp-block-file__button wp-element-button\" download=\"\" aria-describedby=\"wp-block-file--media-37c68aa1-d1b6-4f20-893d-09a40f74e94c\">Descargar<\/a><\/div>\n\n\n\n<p class=\"has-small-font-size\">Los porcentajes de acumulaci\u00f3n de prestaciones pueden variar seg\u00fan la empresa.&nbsp;  Ponte en contacto con la Oficina de Administraci\u00f3n si tienes preguntas sobre tu prestaci\u00f3n espec\u00edfica.<\/p>\n\n\n\n<p><\/p>\n","protected":false},"excerpt":{"rendered":"<p>Los porcentajes de acumulaci\u00f3n de prestaciones pueden variar seg\u00fan la empresa.&nbsp; Ponte en contacto con la Oficina de Administraci\u00f3n si tienes preguntas sobre tu prestaci\u00f3n espec\u00edfica.<\/p>\n","protected":false},"author":6,"featured_media":0,"parent":0,"menu_order":0,"comment_status":"closed","ping_status":"closed","template":"","meta":{"om_disable_all_campaigns":false,"_monsterinsights_skip_tracking":false,"_monsterinsights_sitenote_active":false,"_monsterinsights_sitenote_note":"","_monsterinsights_sitenote_category":0,"_uf_show_specific_survey":0,"_uf_disable_surveys":false,"_genesis_hide_title":false,"_genesis_hide_breadcrumbs":false,"_genesis_hide_singular_image":false,"_genesis_hide_footer_widgets":false,"_genesis_custom_body_class":"","_genesis_custom_post_class":"","_genesis_layout":"","footnotes":""},"class_list":{"0":"post-337","1":"page","2":"type-page","3":"status-publish","5":"entry"},"aioseo_notices":[],"featured_image_src":null,"featured_image_src_square":null,"_links":{"self":[{"href":"https:\/\/www.lisapension.com\/es\/wp-json\/wp\/v2\/pages\/337","targetHints":{"allow":["GET"]}}],"collection":[{"href":"https:\/\/www.lisapension.com\/es\/wp-json\/wp\/v2\/pages"}],"about":[{"href":"https:\/\/www.lisapension.com\/es\/wp-json\/wp\/v2\/types\/page"}],"author":[{"embeddable":true,"href":"https:\/\/www.lisapension.com\/es\/wp-json\/wp\/v2\/users\/6"}],"replies":[{"embeddable":true,"href":"https:\/\/www.lisapension.com\/es\/wp-json\/wp\/v2\/comments?post=337"}],"version-history":[{"count":0,"href":"https:\/\/www.lisapension.com\/es\/wp-json\/wp\/v2\/pages\/337\/revisions"}],"wp:attachment":[{"href":"https:\/\/www.lisapension.com\/es\/wp-json\/wp\/v2\/media?parent=337"}],"curies":[{"name":"wp","href":"https:\/\/api.w.org\/{rel}","templated":true}]}}